{"id":9748,"date":"2025-09-28T12:57:01","date_gmt":"2025-09-28T11:57:01","guid":{"rendered":"https:\/\/www.sastrade.si\/en\/?post_type=product&#038;p=9748"},"modified":"2025-09-28T13:00:53","modified_gmt":"2025-09-28T12:00:53","slug":"compact-vacuum-for-integration-machinery-dbfv-20-z22","status":"publish","type":"product","link":"https:\/\/www.sastrade.si\/en\/product\/compact-vacuum-for-integration-machinery-dbfv-20-z22\/","title":{"rendered":"Compact vacuum for integration machinery DBFV 20 Z22"},"content":{"rendered":"<p><strong>Advantages<\/strong><\/p>\n<ul>\n<li>Side channel blower motor , powerful and silent, totally maintenance free, suitable for continuous duty<\/li>\n<li>Integrated filter cleaning system<\/li>\n<li>Complete steel construction<\/li>\n<li>Pressure relief valve for motor protection<\/li>\n<li>Low noise level<\/li>\n<li>Easy filter replacement<\/li>\n<li>Reduced downtime of machine tools<\/li>\n<li>Possibility of integration on other vacuum cleaners<\/li>\n<li>Modularity is guaranteed to fulfil the client&#8217;s needs<\/li>\n<li>Full customization for specific needs<\/li>\n<li><span dir=\"auto\"><span dir=\"auto\">Compliance with EN IEC 62784:2018 for Zone 22<\/span><\/span><\/li>\n<\/ul>\n<p><strong>Technical data\u00a0<\/strong><\/p>\n<ul>\n<li>User zone: Ord. location, ATEX 22<\/li>\n<li>Marking: II 3D Ex h tc IIIC T80\u00b0C (int)\/T165\u00b0C(ext) Dc<\/li>\n<li>Ex Category: 3D (20 int\/22 ext)<\/li>\n<li>Voltage: 400V, 50Hz<\/li>\n<li>Power: 2,2 kW<\/li>\n<li>Current draw: 4,6 A<\/li>\n<li>Electrical protection: IP 65<\/li>\n<li>Pressure relief valve: Included<\/li>\n<li>Max waterlift: 3000 mmH2O<\/li>\n<li>Continuous waterlift: 2200 mmH2O<\/li>\n<li>Max air flow: 270 m3\/h<\/li>\n<li>Suction inlet: 50 mm<\/li>\n<li>Capacity: 25 lt.<\/li>\n<li>Noise level (EN ISO 3744): 69 dB(A)<\/li>\n<li>Dimensions l\/w\/h: 54x55x103 cm<\/li>\n<li>Weight: 45 kg<\/li>\n<li>Primary filter: Star<\/li>\n<li>Surface\/Diameter: 8.000 cm2\/360 mm<\/li>\n<li>Material\/Efficiency: Polyester\/ANT M (IEC 60335-2-69)<\/li>\n<li>Filter cleaning: Manual<\/li>\n<li>Class H-HEPA filter: Included<\/li>\n<li>Filter grade: H14 with 99\/995% efficiency on MPPS method<\/li>\n<\/ul>\n<p><strong>Optionals<\/strong><\/p>\n<ul>\n<li>Stainless steel collection tank<\/li>\n<li>Stainless steel AISI 304 construction<\/li>\n<li>Chassis with casters and push handle<\/li>\n<\/ul>\n","protected":false},"excerpt":{"rendered":"<p>The fixed extraction unit for machinery is designed for direct extraction of dust and fumes during production. With a compact and vertical construction, it is made of steel to ensure robustness and long-lasting durability. The M-class filter with manual cleaning system and H14 ensures effective dust separation. Equipped with a maintenance-free motor and modularity, it is ideal for 24\/7 applications and integration into OEM machinery and production lines. An excellent solution for continuous and efficient extraction. This line-up is combined with the on-machine vacuum solutions and packaging.<\/p>\n","protected":false},"featured_media":9721,"template":"","meta":[],"product_brand":[],"product_cat":[124],"product_tag":[],"class_list":{"0":"post-9748","1":"product","2":"type-product","3":"status-publish","4":"has-post-thumbnail","6":"product_cat-industrial-vacuum-cleaners-for-scraps-on-board-of-machineries-and-packaging","8":"first","9":"instock","10":"shipping-taxable","11":"product-type-simple"},"yoast_head":"<!-- This site is optimized with the Yoast SEO plugin v27.4 - https:\/\/yoast.com\/product\/yoast-seo-wordpress\/ -->\n<title>Compact vacuum for integration machinery DBFV 20 Z22 - Sastrade.si<\/title>\n<meta name=\"description\" content=\"Industrial vacuum cleaner for suction line assembly, real-time dust extraction, suction line, dust extraction on conveyor belts Industriestaubsauger f\u00fcr Saugleitungsmontage, Echtzeit-Staubabsaugung, Saugleitung, Staubabsaugung auf F\u00f6rderb\u00e4ndern\" \/>\n<meta name=\"robots\" content=\"index, follow, max-snippet:-1, max-image-preview:large, max-video-preview:-1\" \/>\n<link rel=\"canonical\" href=\"https:\/\/www.sastrade.si\/en\/product\/compact-vacuum-for-integration-machinery-dbfv-20-z22\/\" \/>\n<meta property=\"og:locale\" content=\"en_US\" \/>\n<meta property=\"og:type\" content=\"article\" \/>\n<meta property=\"og:title\" content=\"Compact vacuum for integration machinery DBFV 20 Z22 - Sastrade.si\" \/>\n<meta property=\"og:description\" content=\"Industrial vacuum cleaner for suction line assembly, real-time dust extraction, suction line, dust extraction on conveyor belts Industriestaubsauger f\u00fcr Saugleitungsmontage, Echtzeit-Staubabsaugung, Saugleitung, Staubabsaugung auf F\u00f6rderb\u00e4ndern\" \/>\n<meta property=\"og:url\" content=\"https:\/\/www.sastrade.si\/en\/product\/compact-vacuum-for-integration-machinery-dbfv-20-z22\/\" \/>\n<meta property=\"og:site_name\" content=\"Sastrade.si\" \/>\n<meta property=\"article:modified_time\" content=\"2025-09-28T12:00:53+00:00\" \/>\n<meta property=\"og:image\" content=\"https:\/\/www.sastrade.si\/en\/wp-content\/uploads\/2020\/02\/Delfin-DBFV-20-SAS-Trade.png\" \/>\n\t<meta property=\"og:image:width\" content=\"700\" \/>\n\t<meta property=\"og:image:height\" content=\"700\" \/>\n\t<meta property=\"og:image:type\" content=\"image\/png\" \/>\n<meta name=\"twitter:card\" content=\"summary_large_image\" \/>\n<meta name=\"twitter:label1\" content=\"Est. reading time\" \/>\n\t<meta name=\"twitter:data1\" content=\"2 minutes\" \/>\n<script type=\"application\/ld+json\" class=\"yoast-schema-graph\">{\"@context\":\"https:\\\/\\\/schema.org\",\"@graph\":[{\"@type\":\"WebPage\",\"@id\":\"https:\\\/\\\/www.sastrade.si\\\/en\\\/product\\\/compact-vacuum-for-integration-machinery-dbfv-20-z22\\\/\",\"url\":\"https:\\\/\\\/www.sastrade.si\\\/en\\\/product\\\/compact-vacuum-for-integration-machinery-dbfv-20-z22\\\/\",\"name\":\"Compact vacuum for integration machinery DBFV 20 Z22 - Sastrade.si\",\"isPartOf\":{\"@id\":\"https:\\\/\\\/www.sastrade.si\\\/en\\\/#website\"},\"primaryImageOfPage\":{\"@id\":\"https:\\\/\\\/www.sastrade.si\\\/en\\\/product\\\/compact-vacuum-for-integration-machinery-dbfv-20-z22\\\/#primaryimage\"},\"image\":{\"@id\":\"https:\\\/\\\/www.sastrade.si\\\/en\\\/product\\\/compact-vacuum-for-integration-machinery-dbfv-20-z22\\\/#primaryimage\"},\"thumbnailUrl\":\"https:\\\/\\\/www.sastrade.si\\\/en\\\/wp-content\\\/uploads\\\/2020\\\/02\\\/Delfin-DBFV-20-SAS-Trade.png\",\"datePublished\":\"2025-09-28T11:57:01+00:00\",\"dateModified\":\"2025-09-28T12:00:53+00:00\",\"description\":\"Industrial vacuum cleaner for suction line assembly, real-time dust extraction, suction line, dust extraction on conveyor belts Industriestaubsauger f\u00fcr Saugleitungsmontage, Echtzeit-Staubabsaugung, Saugleitung, Staubabsaugung auf F\u00f6rderb\u00e4ndern\",\"breadcrumb\":{\"@id\":\"https:\\\/\\\/www.sastrade.si\\\/en\\\/product\\\/compact-vacuum-for-integration-machinery-dbfv-20-z22\\\/#breadcrumb\"},\"inLanguage\":\"en-US\",\"potentialAction\":[{\"@type\":\"ReadAction\",\"target\":[\"https:\\\/\\\/www.sastrade.si\\\/en\\\/product\\\/compact-vacuum-for-integration-machinery-dbfv-20-z22\\\/\"]}]},{\"@type\":\"ImageObject\",\"inLanguage\":\"en-US\",\"@id\":\"https:\\\/\\\/www.sastrade.si\\\/en\\\/product\\\/compact-vacuum-for-integration-machinery-dbfv-20-z22\\\/#primaryimage\",\"url\":\"https:\\\/\\\/www.sastrade.si\\\/en\\\/wp-content\\\/uploads\\\/2020\\\/02\\\/Delfin-DBFV-20-SAS-Trade.png\",\"contentUrl\":\"https:\\\/\\\/www.sastrade.si\\\/en\\\/wp-content\\\/uploads\\\/2020\\\/02\\\/Delfin-DBFV-20-SAS-Trade.png\",\"width\":700,\"height\":700},{\"@type\":\"BreadcrumbList\",\"@id\":\"https:\\\/\\\/www.sastrade.si\\\/en\\\/product\\\/compact-vacuum-for-integration-machinery-dbfv-20-z22\\\/#breadcrumb\",\"itemListElement\":[{\"@type\":\"ListItem\",\"position\":1,\"name\":\"Home\",\"item\":\"https:\\\/\\\/www.sastrade.si\\\/en\\\/\"},{\"@type\":\"ListItem\",\"position\":2,\"name\":\"Products\",\"item\":\"https:\\\/\\\/www.sastrade.si\\\/en\\\/products\\\/\"},{\"@type\":\"ListItem\",\"position\":3,\"name\":\"Compact vacuum for integration machinery DBFV 20 Z22\"}]},{\"@type\":\"WebSite\",\"@id\":\"https:\\\/\\\/www.sastrade.si\\\/en\\\/#website\",\"url\":\"https:\\\/\\\/www.sastrade.si\\\/en\\\/\",\"name\":\"Sastrade.si\",\"description\":\"\",\"publisher\":{\"@id\":\"https:\\\/\\\/www.sastrade.si\\\/en\\\/#organization\"},\"potentialAction\":[{\"@type\":\"SearchAction\",\"target\":{\"@type\":\"EntryPoint\",\"urlTemplate\":\"https:\\\/\\\/www.sastrade.si\\\/en\\\/?s={search_term_string}\"},\"query-input\":{\"@type\":\"PropertyValueSpecification\",\"valueRequired\":true,\"valueName\":\"search_term_string\"}}],\"inLanguage\":\"en-US\"},{\"@type\":\"Organization\",\"@id\":\"https:\\\/\\\/www.sastrade.si\\\/en\\\/#organization\",\"name\":\"Sastrade.si\",\"url\":\"https:\\\/\\\/www.sastrade.si\\\/en\\\/\",\"logo\":{\"@type\":\"ImageObject\",\"inLanguage\":\"en-US\",\"@id\":\"https:\\\/\\\/www.sastrade.si\\\/en\\\/#\\\/schema\\\/logo\\\/image\\\/\",\"url\":\"https:\\\/\\\/www.sastrade.si\\\/en\\\/wp-content\\\/uploads\\\/2020\\\/06\\\/sastrade-logo.png\",\"contentUrl\":\"https:\\\/\\\/www.sastrade.si\\\/en\\\/wp-content\\\/uploads\\\/2020\\\/06\\\/sastrade-logo.png\",\"width\":180,\"height\":38,\"caption\":\"Sastrade.si\"},\"image\":{\"@id\":\"https:\\\/\\\/www.sastrade.si\\\/en\\\/#\\\/schema\\\/logo\\\/image\\\/\"}}]}<\/script>\n<!-- \/ Yoast SEO plugin. -->","yoast_head_json":{"title":"Compact vacuum for integration machinery DBFV 20 Z22 - Sastrade.si","description":"Industrial vacuum cleaner for suction line assembly, real-time dust extraction, suction line, dust extraction on conveyor belts Industriestaubsauger f\u00fcr Saugleitungsmontage, Echtzeit-Staubabsaugung, Saugleitung, Staubabsaugung auf F\u00f6rderb\u00e4ndern","robots":{"index":"index","follow":"follow","max-snippet":"max-snippet:-1","max-image-preview":"max-image-preview:large","max-video-preview":"max-video-preview:-1"},"canonical":"https:\/\/www.sastrade.si\/en\/product\/compact-vacuum-for-integration-machinery-dbfv-20-z22\/","og_locale":"en_US","og_type":"article","og_title":"Compact vacuum for integration machinery DBFV 20 Z22 - Sastrade.si","og_description":"Industrial vacuum cleaner for suction line assembly, real-time dust extraction, suction line, dust extraction on conveyor belts Industriestaubsauger f\u00fcr Saugleitungsmontage, Echtzeit-Staubabsaugung, Saugleitung, Staubabsaugung auf F\u00f6rderb\u00e4ndern","og_url":"https:\/\/www.sastrade.si\/en\/product\/compact-vacuum-for-integration-machinery-dbfv-20-z22\/","og_site_name":"Sastrade.si","article_modified_time":"2025-09-28T12:00:53+00:00","og_image":[{"width":700,"height":700,"url":"https:\/\/www.sastrade.si\/en\/wp-content\/uploads\/2020\/02\/Delfin-DBFV-20-SAS-Trade.png","type":"image\/png"}],"twitter_card":"summary_large_image","twitter_misc":{"Est. reading time":"2 minutes"},"schema":{"@context":"https:\/\/schema.org","@graph":[{"@type":"WebPage","@id":"https:\/\/www.sastrade.si\/en\/product\/compact-vacuum-for-integration-machinery-dbfv-20-z22\/","url":"https:\/\/www.sastrade.si\/en\/product\/compact-vacuum-for-integration-machinery-dbfv-20-z22\/","name":"Compact vacuum for integration machinery DBFV 20 Z22 - Sastrade.si","isPartOf":{"@id":"https:\/\/www.sastrade.si\/en\/#website"},"primaryImageOfPage":{"@id":"https:\/\/www.sastrade.si\/en\/product\/compact-vacuum-for-integration-machinery-dbfv-20-z22\/#primaryimage"},"image":{"@id":"https:\/\/www.sastrade.si\/en\/product\/compact-vacuum-for-integration-machinery-dbfv-20-z22\/#primaryimage"},"thumbnailUrl":"https:\/\/www.sastrade.si\/en\/wp-content\/uploads\/2020\/02\/Delfin-DBFV-20-SAS-Trade.png","datePublished":"2025-09-28T11:57:01+00:00","dateModified":"2025-09-28T12:00:53+00:00","description":"Industrial vacuum cleaner for suction line assembly, real-time dust extraction, suction line, dust extraction on conveyor belts Industriestaubsauger f\u00fcr Saugleitungsmontage, Echtzeit-Staubabsaugung, Saugleitung, Staubabsaugung auf F\u00f6rderb\u00e4ndern","breadcrumb":{"@id":"https:\/\/www.sastrade.si\/en\/product\/compact-vacuum-for-integration-machinery-dbfv-20-z22\/#breadcrumb"},"inLanguage":"en-US","potentialAction":[{"@type":"ReadAction","target":["https:\/\/www.sastrade.si\/en\/product\/compact-vacuum-for-integration-machinery-dbfv-20-z22\/"]}]},{"@type":"ImageObject","inLanguage":"en-US","@id":"https:\/\/www.sastrade.si\/en\/product\/compact-vacuum-for-integration-machinery-dbfv-20-z22\/#primaryimage","url":"https:\/\/www.sastrade.si\/en\/wp-content\/uploads\/2020\/02\/Delfin-DBFV-20-SAS-Trade.png","contentUrl":"https:\/\/www.sastrade.si\/en\/wp-content\/uploads\/2020\/02\/Delfin-DBFV-20-SAS-Trade.png","width":700,"height":700},{"@type":"BreadcrumbList","@id":"https:\/\/www.sastrade.si\/en\/product\/compact-vacuum-for-integration-machinery-dbfv-20-z22\/#breadcrumb","itemListElement":[{"@type":"ListItem","position":1,"name":"Home","item":"https:\/\/www.sastrade.si\/en\/"},{"@type":"ListItem","position":2,"name":"Products","item":"https:\/\/www.sastrade.si\/en\/products\/"},{"@type":"ListItem","position":3,"name":"Compact vacuum for integration machinery DBFV 20 Z22"}]},{"@type":"WebSite","@id":"https:\/\/www.sastrade.si\/en\/#website","url":"https:\/\/www.sastrade.si\/en\/","name":"Sastrade.si","description":"","publisher":{"@id":"https:\/\/www.sastrade.si\/en\/#organization"},"potentialAction":[{"@type":"SearchAction","target":{"@type":"EntryPoint","urlTemplate":"https:\/\/www.sastrade.si\/en\/?s={search_term_string}"},"query-input":{"@type":"PropertyValueSpecification","valueRequired":true,"valueName":"search_term_string"}}],"inLanguage":"en-US"},{"@type":"Organization","@id":"https:\/\/www.sastrade.si\/en\/#organization","name":"Sastrade.si","url":"https:\/\/www.sastrade.si\/en\/","logo":{"@type":"ImageObject","inLanguage":"en-US","@id":"https:\/\/www.sastrade.si\/en\/#\/schema\/logo\/image\/","url":"https:\/\/www.sastrade.si\/en\/wp-content\/uploads\/2020\/06\/sastrade-logo.png","contentUrl":"https:\/\/www.sastrade.si\/en\/wp-content\/uploads\/2020\/06\/sastrade-logo.png","width":180,"height":38,"caption":"Sastrade.si"},"image":{"@id":"https:\/\/www.sastrade.si\/en\/#\/schema\/logo\/image\/"}}]}},"_links":{"self":[{"href":"https:\/\/www.sastrade.si\/en\/wp-json\/wp\/v2\/product\/9748","targetHints":{"allow":["GET"]}}],"collection":[{"href":"https:\/\/www.sastrade.si\/en\/wp-json\/wp\/v2\/product"}],"about":[{"href":"https:\/\/www.sastrade.si\/en\/wp-json\/wp\/v2\/types\/product"}],"wp:featuredmedia":[{"embeddable":true,"href":"https:\/\/www.sastrade.si\/en\/wp-json\/wp\/v2\/media\/9721"}],"wp:attachment":[{"href":"https:\/\/www.sastrade.si\/en\/wp-json\/wp\/v2\/media?parent=9748"}],"wp:term":[{"taxonomy":"product_brand","embeddable":true,"href":"https:\/\/www.sastrade.si\/en\/wp-json\/wp\/v2\/product_brand?post=9748"},{"taxonomy":"product_cat","embeddable":true,"href":"https:\/\/www.sastrade.si\/en\/wp-json\/wp\/v2\/product_cat?post=9748"},{"taxonomy":"product_tag","embeddable":true,"href":"https:\/\/www.sastrade.si\/en\/wp-json\/wp\/v2\/product_tag?post=9748"}],"curies":[{"name":"wp","href":"https:\/\/api.w.org\/{rel}","templated":true}]}}