{"id":8024,"date":"2021-04-12T12:57:17","date_gmt":"2021-04-12T11:57:17","guid":{"rendered":"https:\/\/www.sastrade.si\/en\/?post_type=product&#038;p=8024"},"modified":"2022-02-01T19:26:52","modified_gmt":"2022-02-01T18:26:52","slug":"professional-dehumidifier-master-dhp-55","status":"publish","type":"product","link":"https:\/\/www.sastrade.si\/en\/product\/professional-dehumidifier-master-dhp-55\/","title":{"rendered":"Professional dehumidifier Master DHP 55"},"content":{"rendered":"<p><strong>Model description<\/strong><\/p>\n<ul>\n<li>Water pump on board<\/li>\n<li>Digital humidity sensor<\/li>\n<li>Digital control panel with hour counter<\/li>\n<li>Stackable<\/li>\n<li>Easy to open and easy to clean<\/li>\n<li>3 meters drainage water hose on board, easily fitted with Velcro strap<\/li>\n<li>3 meters power cord<\/li>\n<li>Large rubber wheels for easy and safe move<\/li>\n<li>Optional 5 litres water tank<\/li>\n<\/ul>\n<p>Guideline how to choose appropriate dehumidifier\u00a0\u00a0<strong><a href=\"https:\/\/www.sastrade.si\/en\/how-to-choose-your-dehumidifier\/\">&gt;link&lt;<\/a><\/strong><\/p>\n<p><strong>Technical data\u00a0<\/strong><\/p>\n<ul>\n<li>Capacity (30\u00b0C \/80% RH): 45,9 l\/24 ur<\/li>\n<li>Air displacement: 400 m3\/h<\/li>\n<li>Operating range (temperature): 5 \u2013 35\u00b0C<\/li>\n<li>Operating range (humidity): 20 \u2013 90%<\/li>\n<li>Refrigerant: R290<\/li>\n<li>Power consumption: 790 W<\/li>\n<li>Power supply: 230 V, 50 Hz<\/li>\n<li>Noise: 56 dB(A)<\/li>\n<li>Compressor: rotary<\/li>\n<li>Tank capacity: (no tank), pump with 3 m drainage hose<\/li>\n<li>Product size l\/w\/h: 600x450x880 mm<\/li>\n<li>Packaging dimensions l\/w\/h: 700x560x860 mm<\/li>\n<li>Weight net\/gross: 47\/52 kg<\/li>\n<\/ul>\n","protected":false},"excerpt":{"rendered":"<p>Highly efficient dehumidifiers designed to for professional rental use. Their robust design makes them perfect for difficult working conditions like the construction industry.<\/p>\n","protected":false},"featured_media":8029,"template":"","meta":[],"product_brand":[],"product_cat":[176],"product_tag":[],"class_list":{"0":"post-8024","1":"product","2":"type-product","3":"status-publish","4":"has-post-thumbnail","6":"product_cat-professional-dehumidifiers","8":"first","9":"instock","10":"shipping-taxable","11":"product-type-simple"},"yoast_head":"<!-- This site is optimized with the Yoast SEO plugin v27.4 - https:\/\/yoast.com\/product\/yoast-seo-wordpress\/ -->\n<title>Professional dehumidifier Master DHP 55 - Sastrade.si<\/title>\n<meta name=\"description\" content=\"Professional dehumidifier and building dryer high-performance system for industrial use. Professionelles Hochleistungssystem f\u00fcr Luftentfeuchter und Geb\u00e4udetrockner f\u00fcr den industriellen Einsatz.\" \/>\n<meta name=\"robots\" content=\"index, follow, max-snippet:-1, max-image-preview:large, max-video-preview:-1\" \/>\n<link rel=\"canonical\" href=\"https:\/\/www.sastrade.si\/en\/product\/professional-dehumidifier-master-dhp-55\/\" \/>\n<meta property=\"og:locale\" content=\"en_US\" \/>\n<meta property=\"og:type\" content=\"article\" \/>\n<meta property=\"og:title\" content=\"Professional dehumidifier Master DHP 55 - Sastrade.si\" \/>\n<meta property=\"og:description\" content=\"Professional dehumidifier and building dryer high-performance system for industrial use. Professionelles Hochleistungssystem f\u00fcr Luftentfeuchter und Geb\u00e4udetrockner f\u00fcr den industriellen Einsatz.\" \/>\n<meta property=\"og:url\" content=\"https:\/\/www.sastrade.si\/en\/product\/professional-dehumidifier-master-dhp-55\/\" \/>\n<meta property=\"og:site_name\" content=\"Sastrade.si\" \/>\n<meta property=\"article:modified_time\" content=\"2022-02-01T18:26:52+00:00\" \/>\n<meta property=\"og:image\" content=\"https:\/\/www.sastrade.si\/en\/wp-content\/uploads\/2021\/04\/Master-DHP-55.jpg\" \/>\n\t<meta property=\"og:image:width\" content=\"1000\" \/>\n\t<meta property=\"og:image:height\" content=\"1000\" \/>\n\t<meta property=\"og:image:type\" content=\"image\/jpeg\" \/>\n<meta name=\"twitter:card\" content=\"summary_large_image\" \/>\n<meta name=\"twitter:label1\" content=\"Est. reading time\" \/>\n\t<meta name=\"twitter:data1\" content=\"1 minute\" \/>\n<script type=\"application\/ld+json\" class=\"yoast-schema-graph\">{\"@context\":\"https:\\\/\\\/schema.org\",\"@graph\":[{\"@type\":\"WebPage\",\"@id\":\"https:\\\/\\\/www.sastrade.si\\\/en\\\/product\\\/professional-dehumidifier-master-dhp-55\\\/\",\"url\":\"https:\\\/\\\/www.sastrade.si\\\/en\\\/product\\\/professional-dehumidifier-master-dhp-55\\\/\",\"name\":\"Professional dehumidifier Master DHP 55 - Sastrade.si\",\"isPartOf\":{\"@id\":\"https:\\\/\\\/www.sastrade.si\\\/en\\\/#website\"},\"primaryImageOfPage\":{\"@id\":\"https:\\\/\\\/www.sastrade.si\\\/en\\\/product\\\/professional-dehumidifier-master-dhp-55\\\/#primaryimage\"},\"image\":{\"@id\":\"https:\\\/\\\/www.sastrade.si\\\/en\\\/product\\\/professional-dehumidifier-master-dhp-55\\\/#primaryimage\"},\"thumbnailUrl\":\"https:\\\/\\\/www.sastrade.si\\\/en\\\/wp-content\\\/uploads\\\/2021\\\/04\\\/Master-DHP-55.jpg\",\"datePublished\":\"2021-04-12T11:57:17+00:00\",\"dateModified\":\"2022-02-01T18:26:52+00:00\",\"description\":\"Professional dehumidifier and building dryer high-performance system for industrial use. Professionelles Hochleistungssystem f\u00fcr Luftentfeuchter und Geb\u00e4udetrockner f\u00fcr den industriellen Einsatz.\",\"breadcrumb\":{\"@id\":\"https:\\\/\\\/www.sastrade.si\\\/en\\\/product\\\/professional-dehumidifier-master-dhp-55\\\/#breadcrumb\"},\"inLanguage\":\"en-US\",\"potentialAction\":[{\"@type\":\"ReadAction\",\"target\":[\"https:\\\/\\\/www.sastrade.si\\\/en\\\/product\\\/professional-dehumidifier-master-dhp-55\\\/\"]}]},{\"@type\":\"ImageObject\",\"inLanguage\":\"en-US\",\"@id\":\"https:\\\/\\\/www.sastrade.si\\\/en\\\/product\\\/professional-dehumidifier-master-dhp-55\\\/#primaryimage\",\"url\":\"https:\\\/\\\/www.sastrade.si\\\/en\\\/wp-content\\\/uploads\\\/2021\\\/04\\\/Master-DHP-55.jpg\",\"contentUrl\":\"https:\\\/\\\/www.sastrade.si\\\/en\\\/wp-content\\\/uploads\\\/2021\\\/04\\\/Master-DHP-55.jpg\",\"width\":1000,\"height\":1000},{\"@type\":\"BreadcrumbList\",\"@id\":\"https:\\\/\\\/www.sastrade.si\\\/en\\\/product\\\/professional-dehumidifier-master-dhp-55\\\/#breadcrumb\",\"itemListElement\":[{\"@type\":\"ListItem\",\"position\":1,\"name\":\"Home\",\"item\":\"https:\\\/\\\/www.sastrade.si\\\/en\\\/\"},{\"@type\":\"ListItem\",\"position\":2,\"name\":\"Products\",\"item\":\"https:\\\/\\\/www.sastrade.si\\\/en\\\/products\\\/\"},{\"@type\":\"ListItem\",\"position\":3,\"name\":\"Professional dehumidifier Master DHP 55\"}]},{\"@type\":\"WebSite\",\"@id\":\"https:\\\/\\\/www.sastrade.si\\\/en\\\/#website\",\"url\":\"https:\\\/\\\/www.sastrade.si\\\/en\\\/\",\"name\":\"Sastrade.si\",\"description\":\"\",\"publisher\":{\"@id\":\"https:\\\/\\\/www.sastrade.si\\\/en\\\/#organization\"},\"potentialAction\":[{\"@type\":\"SearchAction\",\"target\":{\"@type\":\"EntryPoint\",\"urlTemplate\":\"https:\\\/\\\/www.sastrade.si\\\/en\\\/?s={search_term_string}\"},\"query-input\":{\"@type\":\"PropertyValueSpecification\",\"valueRequired\":true,\"valueName\":\"search_term_string\"}}],\"inLanguage\":\"en-US\"},{\"@type\":\"Organization\",\"@id\":\"https:\\\/\\\/www.sastrade.si\\\/en\\\/#organization\",\"name\":\"Sastrade.si\",\"url\":\"https:\\\/\\\/www.sastrade.si\\\/en\\\/\",\"logo\":{\"@type\":\"ImageObject\",\"inLanguage\":\"en-US\",\"@id\":\"https:\\\/\\\/www.sastrade.si\\\/en\\\/#\\\/schema\\\/logo\\\/image\\\/\",\"url\":\"https:\\\/\\\/www.sastrade.si\\\/en\\\/wp-content\\\/uploads\\\/2020\\\/06\\\/sastrade-logo.png\",\"contentUrl\":\"https:\\\/\\\/www.sastrade.si\\\/en\\\/wp-content\\\/uploads\\\/2020\\\/06\\\/sastrade-logo.png\",\"width\":180,\"height\":38,\"caption\":\"Sastrade.si\"},\"image\":{\"@id\":\"https:\\\/\\\/www.sastrade.si\\\/en\\\/#\\\/schema\\\/logo\\\/image\\\/\"}}]}<\/script>\n<!-- \/ Yoast SEO plugin. -->","yoast_head_json":{"title":"Professional dehumidifier Master DHP 55 - Sastrade.si","description":"Professional dehumidifier and building dryer high-performance system for industrial use. Professionelles Hochleistungssystem f\u00fcr Luftentfeuchter und Geb\u00e4udetrockner f\u00fcr den industriellen Einsatz.","robots":{"index":"index","follow":"follow","max-snippet":"max-snippet:-1","max-image-preview":"max-image-preview:large","max-video-preview":"max-video-preview:-1"},"canonical":"https:\/\/www.sastrade.si\/en\/product\/professional-dehumidifier-master-dhp-55\/","og_locale":"en_US","og_type":"article","og_title":"Professional dehumidifier Master DHP 55 - Sastrade.si","og_description":"Professional dehumidifier and building dryer high-performance system for industrial use. Professionelles Hochleistungssystem f\u00fcr Luftentfeuchter und Geb\u00e4udetrockner f\u00fcr den industriellen Einsatz.","og_url":"https:\/\/www.sastrade.si\/en\/product\/professional-dehumidifier-master-dhp-55\/","og_site_name":"Sastrade.si","article_modified_time":"2022-02-01T18:26:52+00:00","og_image":[{"width":1000,"height":1000,"url":"https:\/\/www.sastrade.si\/en\/wp-content\/uploads\/2021\/04\/Master-DHP-55.jpg","type":"image\/jpeg"}],"twitter_card":"summary_large_image","twitter_misc":{"Est. reading time":"1 minute"},"schema":{"@context":"https:\/\/schema.org","@graph":[{"@type":"WebPage","@id":"https:\/\/www.sastrade.si\/en\/product\/professional-dehumidifier-master-dhp-55\/","url":"https:\/\/www.sastrade.si\/en\/product\/professional-dehumidifier-master-dhp-55\/","name":"Professional dehumidifier Master DHP 55 - Sastrade.si","isPartOf":{"@id":"https:\/\/www.sastrade.si\/en\/#website"},"primaryImageOfPage":{"@id":"https:\/\/www.sastrade.si\/en\/product\/professional-dehumidifier-master-dhp-55\/#primaryimage"},"image":{"@id":"https:\/\/www.sastrade.si\/en\/product\/professional-dehumidifier-master-dhp-55\/#primaryimage"},"thumbnailUrl":"https:\/\/www.sastrade.si\/en\/wp-content\/uploads\/2021\/04\/Master-DHP-55.jpg","datePublished":"2021-04-12T11:57:17+00:00","dateModified":"2022-02-01T18:26:52+00:00","description":"Professional dehumidifier and building dryer high-performance system for industrial use. Professionelles Hochleistungssystem f\u00fcr Luftentfeuchter und Geb\u00e4udetrockner f\u00fcr den industriellen Einsatz.","breadcrumb":{"@id":"https:\/\/www.sastrade.si\/en\/product\/professional-dehumidifier-master-dhp-55\/#breadcrumb"},"inLanguage":"en-US","potentialAction":[{"@type":"ReadAction","target":["https:\/\/www.sastrade.si\/en\/product\/professional-dehumidifier-master-dhp-55\/"]}]},{"@type":"ImageObject","inLanguage":"en-US","@id":"https:\/\/www.sastrade.si\/en\/product\/professional-dehumidifier-master-dhp-55\/#primaryimage","url":"https:\/\/www.sastrade.si\/en\/wp-content\/uploads\/2021\/04\/Master-DHP-55.jpg","contentUrl":"https:\/\/www.sastrade.si\/en\/wp-content\/uploads\/2021\/04\/Master-DHP-55.jpg","width":1000,"height":1000},{"@type":"BreadcrumbList","@id":"https:\/\/www.sastrade.si\/en\/product\/professional-dehumidifier-master-dhp-55\/#breadcrumb","itemListElement":[{"@type":"ListItem","position":1,"name":"Home","item":"https:\/\/www.sastrade.si\/en\/"},{"@type":"ListItem","position":2,"name":"Products","item":"https:\/\/www.sastrade.si\/en\/products\/"},{"@type":"ListItem","position":3,"name":"Professional dehumidifier Master DHP 55"}]},{"@type":"WebSite","@id":"https:\/\/www.sastrade.si\/en\/#website","url":"https:\/\/www.sastrade.si\/en\/","name":"Sastrade.si","description":"","publisher":{"@id":"https:\/\/www.sastrade.si\/en\/#organization"},"potentialAction":[{"@type":"SearchAction","target":{"@type":"EntryPoint","urlTemplate":"https:\/\/www.sastrade.si\/en\/?s={search_term_string}"},"query-input":{"@type":"PropertyValueSpecification","valueRequired":true,"valueName":"search_term_string"}}],"inLanguage":"en-US"},{"@type":"Organization","@id":"https:\/\/www.sastrade.si\/en\/#organization","name":"Sastrade.si","url":"https:\/\/www.sastrade.si\/en\/","logo":{"@type":"ImageObject","inLanguage":"en-US","@id":"https:\/\/www.sastrade.si\/en\/#\/schema\/logo\/image\/","url":"https:\/\/www.sastrade.si\/en\/wp-content\/uploads\/2020\/06\/sastrade-logo.png","contentUrl":"https:\/\/www.sastrade.si\/en\/wp-content\/uploads\/2020\/06\/sastrade-logo.png","width":180,"height":38,"caption":"Sastrade.si"},"image":{"@id":"https:\/\/www.sastrade.si\/en\/#\/schema\/logo\/image\/"}}]}},"_links":{"self":[{"href":"https:\/\/www.sastrade.si\/en\/wp-json\/wp\/v2\/product\/8024","targetHints":{"allow":["GET"]}}],"collection":[{"href":"https:\/\/www.sastrade.si\/en\/wp-json\/wp\/v2\/product"}],"about":[{"href":"https:\/\/www.sastrade.si\/en\/wp-json\/wp\/v2\/types\/product"}],"wp:featuredmedia":[{"embeddable":true,"href":"https:\/\/www.sastrade.si\/en\/wp-json\/wp\/v2\/media\/8029"}],"wp:attachment":[{"href":"https:\/\/www.sastrade.si\/en\/wp-json\/wp\/v2\/media?parent=8024"}],"wp:term":[{"taxonomy":"product_brand","embeddable":true,"href":"https:\/\/www.sastrade.si\/en\/wp-json\/wp\/v2\/product_brand?post=8024"},{"taxonomy":"product_cat","embeddable":true,"href":"https:\/\/www.sastrade.si\/en\/wp-json\/wp\/v2\/product_cat?post=8024"},{"taxonomy":"product_tag","embeddable":true,"href":"https:\/\/www.sastrade.si\/en\/wp-json\/wp\/v2\/product_tag?post=8024"}],"curies":[{"name":"wp","href":"https:\/\/api.w.org\/{rel}","templated":true}]}}